{"id":853,"date":"2022-05-23T14:40:37","date_gmt":"2022-05-23T13:40:37","guid":{"rendered":"https:\/\/www.kuesterbund.de\/?page_id=853"},"modified":"2022-05-23T15:22:22","modified_gmt":"2022-05-23T14:22:22","slug":"datenschutzerklaerung","status":"publish","type":"page","link":"https:\/\/www.kuesterbund.de\/?page_id=853","title":{"rendered":"Datenschutzerkl\u00e4rung"},"content":{"rendered":"\n<h2 class=\"wp-block-heading\"><span style=\"color: #1ad2a9;\">Datenschutzerkl\u00e4rung des K\u00fcsterbundes der Evangelischen Kirche in Hessen und Nassau<\/span><\/h2>\n\n\n\n<p>Der K\u00fcsterbund der Evangelischen Kirche in Hessen und Nassau (K\u00fcsterbund der EKHN) nimmt den Schutz Ihrer pers\u00f6nlichen Daten sehr ernst und behandeln Ihre personenbezogenen Daten vertraulich und entsprechend der kirchlichen Datenschutzgesetze sowie dieser Datenschutzerkl\u00e4rung. Die Sicherheit Ihrer Daten steht f\u00fcr uns an erster Stelle.<\/p>\n\n\n\n<h3 class=\"wp-block-heading\"><strong>Anbieter<\/strong><\/h3>\n\n\n\n<p>K\u00fcsterbund der Evangelischen Kirche in Hessen und Nassau<br>Carsten Schw\u00f6bel<br>Battonnstra\u00dfe 2<br>60311 Frankfurt am Main<br>Telefon: 069-13377965<br>E-Mail: Carsten-Schwoebel@gmx.de<\/p>\n\n\n\n<p>Die Nutzung der Internetseite des K\u00fcsterbundes der EKHN ist in der Regel ohne Angabe personenbezogener Daten m\u00f6glich. Soweit auf unseren Seiten personenbezogene Daten (beispielsweise Name, Anschrift oder E-Mail-Adressen) erhoben werden, erfolgt dies, soweit m\u00f6glich, stets auf freiwilliger Basis. Diese Daten werden ohne Ihre ausdr\u00fcckliche Zustimmung nicht an Dritte weitergegeben. Die nachfolgende Erkl\u00e4rung gibt Ihnen einen \u00dcberblick dar\u00fcber, wie dieser Schutz gew\u00e4hrleistet werden soll und welche Art von Daten zu welchem Zweck von Ihnen erhoben werden.<\/p>\n\n\n\n<p>Der K\u00fcsterbund der EKHN weist darauf hin, dass die Daten\u00fcbertragung im Internet (z.B. bei der Kommunikation per E-Mail) Sicherheitsl\u00fccken aufweisen kann. Ein l\u00fcckenloser Schutz der Daten vor dem Zugriff durch Dritte ist nicht m\u00f6glich.<\/p>\n\n\n\n<h3 class=\"wp-block-heading\"><strong>Datenverarbeitung auf dieser Internetseite<\/strong><\/h3>\n\n\n\n<h4 class=\"wp-block-heading\"><strong>Server-Log-Files<\/strong><\/h4>\n\n\n\n<p>Im Allgemeinen ist es f\u00fcr die Nutzung der Internetseite K\u00fcsterbundes der EKHN nicht erforderlich, dass Sie personenbezogene Daten angeben. Um die Zugriffs-Statistik auf die Internetseite zu erheben, werden folgende Daten automatisch in Log-Files des Servers erhoben und gespeichert, die der Browser \u00fcbermittelt. Diese sind:<br>\u2022&nbsp;&nbsp; &nbsp;IP-Adresse<br>\u2022&nbsp;&nbsp; &nbsp;Betriebssystem<br>\u2022&nbsp;&nbsp; &nbsp;Browser-Typ \/ -Version \/ -Sprache<br>\u2022&nbsp;&nbsp; &nbsp;Name Ihres Internet Service Providers<br>\u2022&nbsp;&nbsp; &nbsp;Uhrzeit der Server-Anfrage<br>\u2022&nbsp;&nbsp; &nbsp;Webseite, von der aus Sie uns besuchen (Referrer-URL)<br>\u2022&nbsp;&nbsp; &nbsp;Webseiten, die Sie bei uns besuchen.<\/p>\n\n\n\n<p>Diese Daten sind nicht bestimmten Personen zuordenbar. Eine Zusammenf\u00fchrung dieser Daten mit anderen Datenquellen wird nicht vorgenommen.<\/p>\n\n\n\n<h3 class=\"wp-block-heading\"><strong>Umgang mit Daten f\u00fcr Dienstleistungen<\/strong><\/h3>\n\n\n\n<p>Damit wir bestimmte Dienstleistungen erbringen k\u00f6nnen, ben\u00f6tigen wir ggf. Ihre personenbezogenen Daten. Dies gilt sowohl&nbsp; bei der Zusendung des Newsletters, von Informationsmaterial oder bestellter Ware&nbsp; sowie auch f\u00fcr die Beantwortung individueller Anfragen.<br>Wir speichern nur Daten, die f\u00fcr die Erbringung der Dienstleistung&nbsp; notwendig sind (z. B. die Adresse oder die E-Mail-Adresse). Falls wir eine der nachfolgend beschriebenen Handlungen vornehmen oder Leistungen erbringen und wir dazu Ihre personenbezogenen Daten erheben und speichern, werden Sie an der entsprechenden Stelle unserer Internetseite um Ihre ausdr\u00fcckliche Einwilligung ersucht bei:<br>\u2022&nbsp;&nbsp; &nbsp;Zusendung de Newsletters<br>\u2022&nbsp;&nbsp; &nbsp;Gewinnspiel- und Wettbewerbsteilnahme<br>\u2022&nbsp;&nbsp; &nbsp;Personalisierung unserer Webseite<br>\u2022&nbsp;&nbsp; &nbsp;weitere Dienste und Angebote, f\u00fcr deren Datenerhebung Ihre ausdr\u00fcckliche Einwilligung<br>erforderlich ist.<\/p>\n\n\n\n<h4 class=\"wp-block-heading\"><strong>Kontaktformular<\/strong><\/h4>\n\n\n\n<p>Wenn Sie uns per Kontaktformular Anfragen zukommen lassen, werden Ihre Angaben aus dem Anfrageformular inklusive der von Ihnen dort angegebenen Kontaktdaten zwecks Bearbeitung der Anfrage und f\u00fcr den Fall von Anschlussfragen bei uns gespeichert. Diese Daten geben wir nicht ohne Ihre Einwilligung weiter.<br><strong>Links zu Webseiten anderer Anbieter<br><\/strong>Unser Online-Angebot enth\u00e4lt Links zu Webseiten anderer Anbieter. Wir haben keinen Einfluss darauf, dass diese Anbieter die Datenschutzbestimmungen einhalten.<\/p>\n\n\n\n<h4 class=\"wp-block-heading\"><strong>Ihr Recht auf Auskunft, L\u00f6schung, Sperrung<\/strong><\/h4>\n\n\n\n<p>Sie haben als Nutzer das Recht, Auskunft dar\u00fcber zu verlangen, welche Daten \u00fcber Sie bei uns gespeichert sind und zu welchem Zweck diese Speicherung erfolgt. Dar\u00fcber hinaus k\u00f6nnen Sie unrichtige Daten berichtigen oder solche Daten l\u00f6schen lassen, deren Speicherung unzul\u00e4ssig oder nicht mehr erforderlich ist. Sie haben die Rechte auf Daten\u00fcbertragbarkeit, Einschr\u00e4nkung der Verarbeitung und Widerspruch. Au\u00dferdem haben Sie das Recht, sich bei der Aufsichtsbeh\u00f6rde \u00fcber die stattfindende Datenverarbeitung zu beschweren. Zust\u00e4ndige Aufsichtsbeh\u00f6rde ist Der Beauftragte f\u00fcr den Datenschutz der EKD \u2013 Adresse siehe unten.<\/p>\n\n\n\n<p>Sie erhalten jederzeit ohne Angabe von Gr\u00fcnden kostenfrei Auskunft \u00fcber Ihre bei uns gespeicherten Daten. Sie k\u00f6nnen jederzeit Ihre bei uns erhobenen Daten sperren, berichtigen oder l\u00f6schen lassen. Auch k\u00f6nnen Sie jederzeit die uns erteilte Einwilligung zur Datenerhebung und Verwendung ohne Angaben von Gr\u00fcnden widerrufen. Wenden Sie sich hierzu bitte an die auf dieser Seite angegebene Kontaktadresse des Datenschutzbeauftragten. Wir stehen Ihnen jederzeit gern f\u00fcr weitergehende Fragen zu unserem Hinweisen zum Datenschutz und zur Verarbeitung Ihrer pers\u00f6nlichen Daten zur Verf\u00fcgung.<\/p>\n\n\n\n<h3 class=\"wp-block-heading\"><strong>Der Datenschutzbeauftragte f\u00fcr den Datenschutz der Evangelischen Kirchen in Deutschland<\/strong><\/h3>\n\n\n\n<p>Die Aufsicht \u00fcber die Einhaltung der Vorschriften zum Datenschutz obliegt im kirchlichen Bereich dem Beauftragten f\u00fcr den Datenschutz der EKD. F\u00fcr den Bereich der Evangelischen Kirche in Hessen und Nassau (EKHN) ist zust\u00e4ndig die Au\u00dfenstelle Dortmund f\u00fcr die Datenschutzregion Mitte-West<br>Friedhof 4<br>44135 Dortmund<br>Tel: 0231 \/ 533827-0<br>Fax: 0231 \/ 533827-20<br>E-Mail: <a href=\"mailto:mitte-west@datenschutz.ekd.de\">mitte-west@datenschutz.ekd.de<\/a><\/p>\n\n\n\n<h3 class=\"wp-block-heading\"><strong>Emails\/Formulare<\/strong><\/h3>\n\n\n\n<p>Aus technischen oder betrieblichen Gr\u00fcnden kann der Empfang von E-Mail-Kommunikation gest\u00f6rt sein und\/oder nicht rechtzeitig den Empf\u00e4nger erreichen. Daher hat die Versendung von E-Mails an uns keine fristwahrende Wirkung und kann Fristen nicht rechtsverbindlich setzen. Wir empfehlen, zeitkritische oder eilige Nachrichten zus\u00e4tzlich per Post, Kurier oder Telefax zu \u00fcbersenden.<\/p>\n\n\n\n<p>Falls Sie sicher sein wollen, dass Ihre E-Mail ordnungsgem\u00e4\u00df empfangen worden ist, fordern Sie bitte von dem Empf\u00e4nger eine schriftliche Empfangsbest\u00e4tigung an. Wir unternehmen alle vern\u00fcnftigerweise zu erwartenden Vorsichtsma\u00dfnahmen, um das Risiko einer \u00dcbertragung von Computerviren zu verhindern. Wir sind jedoch nicht haftbar f\u00fcr Sch\u00e4den, die durch Computerviren entstehen.<\/p>\n\n\n\n<p>Bitte f\u00fchren Sie selber \u00dcberpr\u00fcfungen auf Computerviren durch, bevor Sie E-Mails lesen, insbesondere bevor Sie Anh\u00e4nge zu E-Mails \u00f6ffnen. Die Kommunikation per E-Mail ist unsicher, da grunds\u00e4tzlich die M\u00f6glichkeit der Kenntnisnahme und Manipulation durch Dritte besteht. Wir empfehlen, keine vertraulichen Daten unverschl\u00fcsselt per E-Mail zu versenden.<\/p>\n\n\n\n<h3 class=\"wp-block-heading\"><strong>\u00c4nderungen<\/strong><\/h3>\n\n\n\n<p>Wir behalten uns vor, die Datenschutzerkl\u00e4rung zu \u00e4ndern, um sie an ge\u00e4nderte Rechtslagen, oder bei \u00c4nderungen des Dienstes sowie der Datenverarbeitung anzupassen. Dies gilt jedoch nur im Hinblick auf Erkl\u00e4rungen zur Datenverarbeitung. Sofern Einwilligungen der Nutzer erforderlich sind oder Bestandteile der Datenschutzerkl\u00e4rung Regelungen des Vertragsverh\u00e4ltnisses mit den Nutzern enthalten, erfolgen die \u00c4nderungen nur mit Zustimmung der Nutzer.<\/p>\n\n\n\n<p>Die Nutzer werden gebeten sich regelm\u00e4\u00dfig \u00fcber den Inhalt der Datenschutzerkl\u00e4rung zu informieren.<\/p>\n","protected":false},"excerpt":{"rendered":"<p>Datenschutzerkl\u00e4rung des K\u00fcsterbundes der Evangelischen Kirche in Hessen und Nassau Der K\u00fcsterbund der Evangelischen Kirche in Hessen und Nassau (K\u00fcsterbund der EKHN) nimmt den Schutz Ihrer pers\u00f6nlichen Daten sehr ernst und behandeln Ihre personenbezogenen Daten vertraulich und entsprechend der kirchlichen Datenschutzgesetze sowie dieser Datenschutzerkl\u00e4rung. Die Sicherheit Ihrer Daten steht f\u00fcr uns an erster Stelle. Anbieter [&hellip;]<\/p>\n","protected":false},"author":6,"featured_media":0,"parent":119,"menu_order":100,"comment_status":"closed","ping_status":"closed","template":"","meta":{"footnotes":""},"class_list":["post-853","page","type-page","status-publish","hentry"],"_links":{"self":[{"href":"https:\/\/www.kuesterbund.de\/index.php?rest_route=\/wp\/v2\/pages\/853","targetHints":{"allow":["GET"]}}],"collection":[{"href":"https:\/\/www.kuesterbund.de\/index.php?rest_route=\/wp\/v2\/pages"}],"about":[{"href":"https:\/\/www.kuesterbund.de\/index.php?rest_route=\/wp\/v2\/types\/page"}],"author":[{"embeddable":true,"href":"https:\/\/www.kuesterbund.de\/index.php?rest_route=\/wp\/v2\/users\/6"}],"replies":[{"embeddable":true,"href":"https:\/\/www.kuesterbund.de\/index.php?rest_route=%2Fwp%2Fv2%2Fcomments&post=853"}],"version-history":[{"count":5,"href":"https:\/\/www.kuesterbund.de\/index.php?rest_route=\/wp\/v2\/pages\/853\/revisions"}],"predecessor-version":[{"id":863,"href":"https:\/\/www.kuesterbund.de\/index.php?rest_route=\/wp\/v2\/pages\/853\/revisions\/863"}],"up":[{"embeddable":true,"href":"https:\/\/www.kuesterbund.de\/index.php?rest_route=\/wp\/v2\/pages\/119"}],"wp:attachment":[{"href":"https:\/\/www.kuesterbund.de\/index.php?rest_route=%2Fwp%2Fv2%2Fmedia&parent=853"}],"curies":[{"name":"wp","href":"https:\/\/api.w.org\/{rel}","templated":true}]}}