{"id":246,"date":"2010-10-19T14:07:25","date_gmt":"2010-10-19T13:07:25","guid":{"rendered":"http:\/\/www.cbs-service.net\/kb\/?page_id=246"},"modified":"2022-05-23T14:07:37","modified_gmt":"2022-05-23T13:07:37","slug":"startseite","status":"publish","type":"page","link":"https:\/\/www.kuesterbund.de\/","title":{"rendered":"Willkommen"},"content":{"rendered":"<h2><span style=\"color: #1ad2a9;\"><strong>Unser Profil:<\/strong><\/span><\/h2>\n<p>Der K\u00fcsterbund ist eine Berufsorganisation der Evangelischen Kirche in Hessen und Nassau (EKHN). Unser Verband wurde im Jahre 1967 gegr\u00fcndet. Ihm geh\u00f6ren K\u00fcsterinnen und K\u00fcster und kirchliche Hausmeisterinnen und Hausmeister aus der ganzen EKHN an. Dar\u00fcber hinaus kann jeder und jede Interessierte f\u00f6rderndes Mitglied werden. Die Mitgliedschaft steht auch Kirchengemeinden, Dekanaten und anderen kirchlichen Organisationen offen.<br \/>\nWir sind korporatives Mitglied im Verband kirchlicher Mitarbeitenden (VkM) der EKHN und EKKW (Evangelische Kirche in Kurhessen-Waldeck). Dadurch sind wir an der Gestaltung des Arbeits- und Tarifrechtes in der Arbeitsrechtlichen Kommission der EKHN beteiligt.<br \/>\nViermal im Jahr erscheint unser Fach- und Mitteilungsblatt &#8222;K\u00fcsterbund&#8220;.<br \/>\nDer K\u00fcsterbund der EKHN geh\u00f6rte 1994 zu den Gr\u00fcndungsmitgliedern des Bundes Europ\u00e4ischer K\u00fcster und 2007 des Deutschen Evangelischen K\u00fcsterbundes.<\/p>\n<h2><span style=\"color: #1ad2a9;\"><strong>Unsere Aufgaben:<\/strong><\/span><\/h2>\n<ul>\n<li>Die fachliche Fortbildung unserer Mitglieder<\/li>\n<li>Die Beratung und Unterst\u00fctzung in dienstlichen Angelegenheiten<\/li>\n<li>Die Vertretung arbeitsrechtlicher Interessen<\/li>\n<li>Die F\u00f6rderung des Verst\u00e4ndnisses f\u00fcr die Besonderheit des K\u00fcsterdienstes und des Auftrages der Kirche<\/li>\n<li>Die Pflege der Gemeinschaft untereinander und die Zusammenarbeit mit anderen kirchlichen Berufsverb\u00e4nden<\/li>\n<\/ul>\n","protected":false},"excerpt":{"rendered":"<p>Unser Profil: Der K\u00fcsterbund ist eine Berufsorganisation der Evangelischen Kirche in Hessen und Nassau (EKHN). Unser Verband wurde im Jahre 1967 gegr\u00fcndet. Ihm geh\u00f6ren K\u00fcsterinnen und K\u00fcster und kirchliche Hausmeisterinnen und Hausmeister aus der ganzen EKHN an. Dar\u00fcber hinaus kann jeder und jede Interessierte f\u00f6rderndes Mitglied werden. Die Mitgliedschaft steht auch Kirchengemeinden, Dekanaten und anderen [&hellip;]<\/p>\n","protected":false},"author":6,"featured_media":0,"parent":0,"menu_order":0,"comment_status":"closed","ping_status":"closed","template":"","meta":{"footnotes":""},"class_list":["post-246","page","type-page","status-publish","hentry"],"_links":{"self":[{"href":"https:\/\/www.kuesterbund.de\/index.php?rest_route=\/wp\/v2\/pages\/246","targetHints":{"allow":["GET"]}}],"collection":[{"href":"https:\/\/www.kuesterbund.de\/index.php?rest_route=\/wp\/v2\/pages"}],"about":[{"href":"https:\/\/www.kuesterbund.de\/index.php?rest_route=\/wp\/v2\/types\/page"}],"author":[{"embeddable":true,"href":"https:\/\/www.kuesterbund.de\/index.php?rest_route=\/wp\/v2\/users\/6"}],"replies":[{"embeddable":true,"href":"https:\/\/www.kuesterbund.de\/index.php?rest_route=%2Fwp%2Fv2%2Fcomments&post=246"}],"version-history":[{"count":23,"href":"https:\/\/www.kuesterbund.de\/index.php?rest_route=\/wp\/v2\/pages\/246\/revisions"}],"predecessor-version":[{"id":858,"href":"https:\/\/www.kuesterbund.de\/index.php?rest_route=\/wp\/v2\/pages\/246\/revisions\/858"}],"wp:attachment":[{"href":"https:\/\/www.kuesterbund.de\/index.php?rest_route=%2Fwp%2Fv2%2Fmedia&parent=246"}],"curies":[{"name":"wp","href":"https:\/\/api.w.org\/{rel}","templated":true}]}}