{"id":194,"date":"2010-10-17T14:29:47","date_gmt":"2010-10-17T13:29:47","guid":{"rendered":"http:\/\/www.cbs-service.net\/kb\/?page_id=194"},"modified":"2026-03-11T09:31:11","modified_gmt":"2026-03-11T08:31:11","slug":"fortbildung","status":"publish","type":"page","link":"https:\/\/www.kuesterbund.de\/?page_id=194","title":{"rendered":"Fortbildung"},"content":{"rendered":"<p>Die Aus- und Weiterbildung der K\u00fcsterinnen und K\u00fcster unserer Landeskirche ist eine wichtige Aufgabe des Berufsverbandes.<\/p>\n<p><a href=\"..\/wp-content\/uploads\/2010\/10\/IMG_1074.jpg\"><img loading=\"lazy\" decoding=\"async\" class=\"size-medium wp-image-203\" title=\"IMG_1074\" src=\"..\/wp-content\/uploads\/2010\/10\/IMG_1074-300x200.jpg\" alt=\"\" width=\"377\" height=\"251\" srcset=\"https:\/\/www.kuesterbund.de\/wp-content\/uploads\/2010\/10\/IMG_1074-300x200.jpg 300w, https:\/\/www.kuesterbund.de\/wp-content\/uploads\/2010\/10\/IMG_1074-1024x682.jpg 1024w\" sizes=\"auto, (max-width: 377px) 100vw, 377px\" \/><\/a><\/p>\n<pre><span style=\"font-size: medium;\"> <span style=\"color: #ffffff;\">. . <\/span><\/span><\/pre>\n<h1><span style=\"color: #1ad2a9;\">Fortbildungen 2026<\/span><\/h1>\n<h2><span style=\"color: #1ad2a9;\">K\u00fcster*innen Grundkurs<\/span><\/h2>\n<p><b>Termin:<\/b> 21. September bis 24. September 2026 (Beginn am Montag um 09:30 Uhr &#8211; Ende am Donnerstag nach dem Mittagessen)<\/p>\n<p><b>Ort: <\/b>Haus Sonnenberg, Hotel Schotten in Schotten im Vogelsberg<\/p>\n<p><b>Leitung:<\/b> Pfarrer Marcus Kleinert, Referent f\u00fcr Ehrenamtliche Verk\u00fcndigung im Zentrum Verk\u00fcndigung<\/p>\n<p><strong>Referent:<\/strong> Volker Seip, K\u00fcsterbund<\/p>\n<p><b>Inhalt: <\/b>Die Fortbildung hilft K\u00fcster*innen, ihre Aufgabe sachgerecht, freundlich und kompetent wahrzunehmen. Die vielen Berufsanforderungen des K\u00fcsterberufes werden vorgestellt und reflektiert. Ferner werden die geistlich-theologischen Grundlagen gemeinsam erarbeitet.<\/p>\n<p>Folgende Themen kommen zur Sprache: Gottesdienst, Kirchenjahr, Evangelisches Gesangbuch, Herrichten des Altars, Arbeitsrecht, Arbeitssicherheit, Umgang mit Menschen und Aufbau der EKHN.<\/p>\n<p>\u00dcblicherweise werden ein Grundkurs und ein Aufbaukurs angeboten. Die Teilnahme an allen beiden Modulen ist f\u00fcr jede K\u00fcsterin und jeden K\u00fcster sinnvoll.<\/p>\n<p><b>Zielgruppe: <\/b>K\u00fcsterinnen und K\u00fcster<\/p>\n<p><strong>Mindestteilnehmendenzahl:<\/strong> 8, max. 18<\/p>\n<p><b>Kosten:<\/b> 450,00 Euro (f\u00fcr Qualifizierung, Unterkunft und Verpflegung)<\/p>\n<p><b>Anmeldeschluss:<\/b> 13. Juli 2026, eine Anmeldung ist zwingend erforderlich<\/p>\n<p><em><b>Anmeldung nur \u00fcber:<\/b> Kurs- und Tagungsverwaltung (Mitziline Sator), Zentrum Verk\u00fcndigung der EKHN, Markgrafenstra\u00dfe 14, 60487 Frankfurt am Main, Tel. 069-71379-124, eMail: anmeldung(at)zentrum-verkuendigung.de<br \/>\n<\/em><\/p>\n<hr style=\"color: #1ad2a9;\" \/>\n<h3><\/h3>\n<h2><span style=\"color: #1ad2a9;\">K\u00fcster*innen Aufbaukurs<\/span><\/h2>\n<p><b>Termin:<\/b> 2. bis 4. M\u00e4rz 2026<\/p>\n<p><b>Ort:\u00a0<\/b>Haus Sonnenberg, Hotel Schotten in Schotten im Vogelsberg<\/p>\n<p><b>Leitung:<\/b> Pfarrer Marcus Kleinert, Referent f\u00fcr Ehrenamtliche Verk\u00fcndigung<\/p>\n<p><strong>Referent:<\/strong> Volker Seip, K\u00fcsterbund<\/p>\n<p><b>Inhalt: <\/b>Gastgebende Gemeinde, Baustilkunde und Veranstaltungsmanagement (z.B. Gemeindefeste), Entstehung und Verbreitung der Bibel, Glocken und L\u00e4uteordnung, \u00d6kologie und \u00d6konomie (z.B. Kirchenheizung).<\/p>\n<p><b>Zielgruppe: <\/b>K\u00fcsterinnen und K\u00fcster<\/p>\n<p><strong>Mindestteilnehmendenzahl:<\/strong> 8, max. 13<\/p>\n<p><b>Kosten:<\/b> 370,00 Euro (f\u00fcr Qualifizierung, Unterkunft und Verpflegung)<\/p>\n<p><b>Anmeldeschluss:<\/b> 22. Dezember 2025<\/p>\n<p><em><b>Anmeldung nur \u00fcber:<\/b> Kurs- und Tagungsverwaltung das Zentrum Verk\u00fcndigung der EKHN, Markgrafenstra\u00dfe 14, 60487 Frankfurt am Main<\/em><\/p>\n<hr style=\"color: #1ad2a9;\" \/>\n<h3><\/h3>\n<h2><span style=\"color: #1ad2a9;\">Fachtagung<\/span><\/h2>\n<p><strong>Termin:<\/strong> 26. bis 28. Oktober 2026<\/p>\n<p><b>Ort:\u00a0<\/b>Evang. Familienferien- und Bildungsst\u00e4tte Ebernburg, Bad Kreuznach.<\/p>\n<p><strong>Eine Anmeldung ist ab dem Herbst-K\u00fcsterheft m\u00f6glich.<\/strong><\/p>\n","protected":false},"excerpt":{"rendered":"<p>Die Aus- und Weiterbildung der K\u00fcsterinnen und K\u00fcster unserer Landeskirche ist eine wichtige Aufgabe des Berufsverbandes. . . Fortbildungen 2026 K\u00fcster*innen Grundkurs Termin: 21. September bis 24. September 2026 (Beginn am Montag um 09:30 Uhr &#8211; Ende am Donnerstag nach dem Mittagessen) Ort: Haus Sonnenberg, Hotel Schotten in Schotten im Vogelsberg Leitung: Pfarrer Marcus Kleinert, [&hellip;]<\/p>\n","protected":false},"author":6,"featured_media":0,"parent":0,"menu_order":2,"comment_status":"closed","ping_status":"closed","template":"","meta":{"footnotes":""},"class_list":["post-194","page","type-page","status-publish","hentry"],"_links":{"self":[{"href":"https:\/\/www.kuesterbund.de\/index.php?rest_route=\/wp\/v2\/pages\/194","targetHints":{"allow":["GET"]}}],"collection":[{"href":"https:\/\/www.kuesterbund.de\/index.php?rest_route=\/wp\/v2\/pages"}],"about":[{"href":"https:\/\/www.kuesterbund.de\/index.php?rest_route=\/wp\/v2\/types\/page"}],"author":[{"embeddable":true,"href":"https:\/\/www.kuesterbund.de\/index.php?rest_route=\/wp\/v2\/users\/6"}],"replies":[{"embeddable":true,"href":"https:\/\/www.kuesterbund.de\/index.php?rest_route=%2Fwp%2Fv2%2Fcomments&post=194"}],"version-history":[{"count":82,"href":"https:\/\/www.kuesterbund.de\/index.php?rest_route=\/wp\/v2\/pages\/194\/revisions"}],"predecessor-version":[{"id":940,"href":"https:\/\/www.kuesterbund.de\/index.php?rest_route=\/wp\/v2\/pages\/194\/revisions\/940"}],"wp:attachment":[{"href":"https:\/\/www.kuesterbund.de\/index.php?rest_route=%2Fwp%2Fv2%2Fmedia&parent=194"}],"curies":[{"name":"wp","href":"https:\/\/api.w.org\/{rel}","templated":true}]}}