{"id":13,"date":"2010-10-06T11:47:25","date_gmt":"2010-10-06T10:47:25","guid":{"rendered":"http:\/\/www.cbs-service.net\/kb\/?page_id=13"},"modified":"2023-11-06T00:17:21","modified_gmt":"2023-11-05T23:17:21","slug":"beitrage","status":"publish","type":"page","link":"https:\/\/www.kuesterbund.de\/?page_id=13","title":{"rendered":"Mitgliedsbeitr\u00e4ge"},"content":{"rendered":"<h3><span style=\"color: #1ad2a9;\"><strong>Unsere Mitgliedsbeitr\u00e4ge:<\/strong><\/span><\/h3>\n<ul>\n<li>F\u00fcr hauptamtlich Besch\u00e4ftigte im K\u00fcster- und Hausmeisterdienst 30,- Euro pro Jahr.<\/li>\n<li>F\u00fcr Teilzeitbesch\u00e4ftigte 16,- Euro pro Jahr.<\/li>\n<li>F\u00fcr geringf\u00fcgig Besch\u00e4ftigte 13,- Euro pro Jahr.<\/li>\n<li>Freundeskreis (f\u00f6rdernde Mitglieder) 25,- Euro pro Jahr<\/li>\n<li>Mitglieder im Ruhestand 10,- Euro pro Jahr.<\/li>\n<\/ul>\n<h3><span style=\"color: #1ad2a9;\"><strong>Sie m\u00f6chten Mitglied im K\u00fcsterbund werden?<\/strong><\/span><\/h3>\n<p>Dann k\u00f6nnen Sie hier die <a href=\"http:\/\/www.kuesterbund.de\/wp-content\/uploads\/2023\/11\/AUFNAHMEab2023-sepaDSGVO.pdf\">Beitrittserkl\u00e4rung<\/a> herunterladen ausdrucken und per Hand (wegen der Unterschrift) ausf\u00fcllen. Schicken Sie den ausgef\u00fcllten Bogen dann an die darauf angegebene Anschrift.<\/p>\n","protected":false},"excerpt":{"rendered":"<p>Unsere Mitgliedsbeitr\u00e4ge: F\u00fcr hauptamtlich Besch\u00e4ftigte im K\u00fcster- und Hausmeisterdienst 30,- Euro pro Jahr. F\u00fcr Teilzeitbesch\u00e4ftigte 16,- Euro pro Jahr. F\u00fcr geringf\u00fcgig Besch\u00e4ftigte 13,- Euro pro Jahr. Freundeskreis (f\u00f6rdernde Mitglieder) 25,- Euro pro Jahr Mitglieder im Ruhestand 10,- Euro pro Jahr. Sie m\u00f6chten Mitglied im K\u00fcsterbund werden? Dann k\u00f6nnen Sie hier die Beitrittserkl\u00e4rung herunterladen ausdrucken und [&hellip;]<\/p>\n","protected":false},"author":6,"featured_media":0,"parent":2,"menu_order":11,"comment_status":"closed","ping_status":"closed","template":"","meta":{"footnotes":""},"class_list":["post-13","page","type-page","status-publish","hentry"],"_links":{"self":[{"href":"https:\/\/www.kuesterbund.de\/index.php?rest_route=\/wp\/v2\/pages\/13","targetHints":{"allow":["GET"]}}],"collection":[{"href":"https:\/\/www.kuesterbund.de\/index.php?rest_route=\/wp\/v2\/pages"}],"about":[{"href":"https:\/\/www.kuesterbund.de\/index.php?rest_route=\/wp\/v2\/types\/page"}],"author":[{"embeddable":true,"href":"https:\/\/www.kuesterbund.de\/index.php?rest_route=\/wp\/v2\/users\/6"}],"replies":[{"embeddable":true,"href":"https:\/\/www.kuesterbund.de\/index.php?rest_route=%2Fwp%2Fv2%2Fcomments&post=13"}],"version-history":[{"count":22,"href":"https:\/\/www.kuesterbund.de\/index.php?rest_route=\/wp\/v2\/pages\/13\/revisions"}],"predecessor-version":[{"id":882,"href":"https:\/\/www.kuesterbund.de\/index.php?rest_route=\/wp\/v2\/pages\/13\/revisions\/882"}],"up":[{"embeddable":true,"href":"https:\/\/www.kuesterbund.de\/index.php?rest_route=\/wp\/v2\/pages\/2"}],"wp:attachment":[{"href":"https:\/\/www.kuesterbund.de\/index.php?rest_route=%2Fwp%2Fv2%2Fmedia&parent=13"}],"curies":[{"name":"wp","href":"https:\/\/api.w.org\/{rel}","templated":true}]}}